{"id":1103,"date":"2020-06-01T12:37:38","date_gmt":"2020-06-01T09:37:38","guid":{"rendered":"https:\/\/metsa-weljet.fi\/?page_id=1103"},"modified":"2020-09-02T07:23:41","modified_gmt":"2020-09-02T04:23:41","slug":"company","status":"publish","type":"page","link":"https:\/\/metsa-weljet.fi\/en\/company\/","title":{"rendered":"Company"},"content":{"rendered":"<p class=\"p1\"><span class=\"s1\"><b>Mets\u00e4-Weljet Oy<\/b> was established in 1994. The main business is mechanical logging. Mets\u00e4-Weljet Oy has 5 harvester chains. Our equipment includes suitable solutions, ranging from first thinnings to heavy final fellings. All of our harvesters use modern measuring equipment systems and most of our forwarders use a loader weighing machine. In addition, Mets\u00e4-Weljet Oy has an excavator for soil preparation, stump lifting, etc.<\/span><\/p>\n<p class=\"p1\"><span class=\"s1\">Mets\u00e4-Weljet Oy is involved in the <strong>PEFC forest certification system<\/strong> and is a member of the <strong>Koneyritt\u00e4jien liitto (Association of Machine Entrepreneurs).<span class=\"Apple-converted-space\">\u00a0 <\/span><\/strong>Our operations are guided by a quality system that has been audited by Stora Enso Oyj. The professional skills of our staff are developed and maintained through active training, which guarantees a high-quality work footprint. Our transporters know how to apply modern working methods productively and cost-effectively, whilst also keeping occupational safety in mind.<\/span><\/p>\n","protected":false},"excerpt":{"rendered":"<p>Mets\u00e4-Weljet Oy was established in 1994. The main business is mechanical logging. Mets\u00e4-Weljet Oy has 5 harvester chains. Our equipment includes suitable solutions, ranging from first thinnings to heavy final&#8230;<\/p>\n","protected":false},"author":3,"featured_media":0,"parent":0,"menu_order":0,"comment_status":"closed","ping_status":"closed","template":"","meta":{"footnotes":""},"class_list":["post-1103","page","type-page","status-publish","hentry"],"yoast_head":"<!-- This site is optimized with the Yoast SEO plugin v27.5 - https:\/\/yoast.com\/product\/yoast-seo-wordpress\/ -->\n<title>Company - Mets\u00e4-Weljet Oy<\/title>\n<meta name=\"robots\" content=\"index, follow, max-snippet:-1, max-image-preview:large, max-video-preview:-1\" \/>\n<link rel=\"canonical\" href=\"https:\/\/metsa-weljet.fi\/en\/company\/\" \/>\n<meta property=\"og:locale\" content=\"en_US\" \/>\n<meta property=\"og:type\" content=\"article\" \/>\n<meta property=\"og:title\" content=\"Company - Mets\u00e4-Weljet Oy\" \/>\n<meta property=\"og:description\" content=\"Mets\u00e4-Weljet Oy was established in 1994. The main business is mechanical logging. Mets\u00e4-Weljet Oy has 5 harvester chains. Our equipment includes suitable solutions, ranging from first thinnings to heavy final...\" \/>\n<meta property=\"og:url\" content=\"https:\/\/metsa-weljet.fi\/en\/company\/\" \/>\n<meta property=\"og:site_name\" content=\"Mets\u00e4-Weljet Oy\" \/>\n<meta property=\"article:modified_time\" content=\"2020-09-02T04:23:41+00:00\" \/>\n<meta name=\"twitter:card\" content=\"summary_large_image\" \/>\n<meta name=\"twitter:label1\" content=\"Est. reading time\" \/>\n\t<meta name=\"twitter:data1\" content=\"1 minute\" \/>\n<script type=\"application\/ld+json\" class=\"yoast-schema-graph\">{\"@context\":\"https:\\\/\\\/schema.org\",\"@graph\":[{\"@type\":\"WebPage\",\"@id\":\"https:\\\/\\\/metsa-weljet.fi\\\/en\\\/company\\\/\",\"url\":\"https:\\\/\\\/metsa-weljet.fi\\\/en\\\/company\\\/\",\"name\":\"Company - Mets\u00e4-Weljet Oy\",\"isPartOf\":{\"@id\":\"https:\\\/\\\/metsa-weljet.fi\\\/#website\"},\"datePublished\":\"2020-06-01T09:37:38+00:00\",\"dateModified\":\"2020-09-02T04:23:41+00:00\",\"breadcrumb\":{\"@id\":\"https:\\\/\\\/metsa-weljet.fi\\\/en\\\/company\\\/#breadcrumb\"},\"inLanguage\":\"en-US\",\"potentialAction\":[{\"@type\":\"ReadAction\",\"target\":[\"https:\\\/\\\/metsa-weljet.fi\\\/en\\\/company\\\/\"]}]},{\"@type\":\"BreadcrumbList\",\"@id\":\"https:\\\/\\\/metsa-weljet.fi\\\/en\\\/company\\\/#breadcrumb\",\"itemListElement\":[{\"@type\":\"ListItem\",\"position\":1,\"name\":\"Etusivu\",\"item\":\"https:\\\/\\\/metsa-weljet.fi\\\/en\\\/\"},{\"@type\":\"ListItem\",\"position\":2,\"name\":\"Company\"}]},{\"@type\":\"WebSite\",\"@id\":\"https:\\\/\\\/metsa-weljet.fi\\\/#website\",\"url\":\"https:\\\/\\\/metsa-weljet.fi\\\/\",\"name\":\"Mets\u00e4-Weljet Oy\",\"description\":\"Koneellinen puunkorjuu vuosien tuomalla taidolla ja kokemuksella\",\"publisher\":{\"@id\":\"https:\\\/\\\/metsa-weljet.fi\\\/#organization\"},\"potentialAction\":[{\"@type\":\"SearchAction\",\"target\":{\"@type\":\"EntryPoint\",\"urlTemplate\":\"https:\\\/\\\/metsa-weljet.fi\\\/?s={search_term_string}\"},\"query-input\":{\"@type\":\"PropertyValueSpecification\",\"valueRequired\":true,\"valueName\":\"search_term_string\"}}],\"inLanguage\":\"en-US\"},{\"@type\":\"Organization\",\"@id\":\"https:\\\/\\\/metsa-weljet.fi\\\/#organization\",\"name\":\"Mets\u00e4-Weljet Oy\",\"url\":\"https:\\\/\\\/metsa-weljet.fi\\\/\",\"logo\":{\"@type\":\"ImageObject\",\"inLanguage\":\"en-US\",\"@id\":\"https:\\\/\\\/metsa-weljet.fi\\\/#\\\/schema\\\/logo\\\/image\\\/\",\"url\":\"https:\\\/\\\/metsa-weljet.fi\\\/wp-content\\\/uploads\\\/2016\\\/12\\\/logo-green.png\",\"contentUrl\":\"https:\\\/\\\/metsa-weljet.fi\\\/wp-content\\\/uploads\\\/2016\\\/12\\\/logo-green.png\",\"width\":451,\"height\":50,\"caption\":\"Mets\u00e4-Weljet Oy\"},\"image\":{\"@id\":\"https:\\\/\\\/metsa-weljet.fi\\\/#\\\/schema\\\/logo\\\/image\\\/\"}}]}<\/script>\n<!-- \/ Yoast SEO plugin. -->","yoast_head_json":{"title":"Company - Mets\u00e4-Weljet Oy","robots":{"index":"index","follow":"follow","max-snippet":"max-snippet:-1","max-image-preview":"max-image-preview:large","max-video-preview":"max-video-preview:-1"},"canonical":"https:\/\/metsa-weljet.fi\/en\/company\/","og_locale":"en_US","og_type":"article","og_title":"Company - Mets\u00e4-Weljet Oy","og_description":"Mets\u00e4-Weljet Oy was established in 1994. The main business is mechanical logging. Mets\u00e4-Weljet Oy has 5 harvester chains. Our equipment includes suitable solutions, ranging from first thinnings to heavy final...","og_url":"https:\/\/metsa-weljet.fi\/en\/company\/","og_site_name":"Mets\u00e4-Weljet Oy","article_modified_time":"2020-09-02T04:23:41+00:00","twitter_card":"summary_large_image","twitter_misc":{"Est. reading time":"1 minute"},"schema":{"@context":"https:\/\/schema.org","@graph":[{"@type":"WebPage","@id":"https:\/\/metsa-weljet.fi\/en\/company\/","url":"https:\/\/metsa-weljet.fi\/en\/company\/","name":"Company - Mets\u00e4-Weljet Oy","isPartOf":{"@id":"https:\/\/metsa-weljet.fi\/#website"},"datePublished":"2020-06-01T09:37:38+00:00","dateModified":"2020-09-02T04:23:41+00:00","breadcrumb":{"@id":"https:\/\/metsa-weljet.fi\/en\/company\/#breadcrumb"},"inLanguage":"en-US","potentialAction":[{"@type":"ReadAction","target":["https:\/\/metsa-weljet.fi\/en\/company\/"]}]},{"@type":"BreadcrumbList","@id":"https:\/\/metsa-weljet.fi\/en\/company\/#breadcrumb","itemListElement":[{"@type":"ListItem","position":1,"name":"Etusivu","item":"https:\/\/metsa-weljet.fi\/en\/"},{"@type":"ListItem","position":2,"name":"Company"}]},{"@type":"WebSite","@id":"https:\/\/metsa-weljet.fi\/#website","url":"https:\/\/metsa-weljet.fi\/","name":"Mets\u00e4-Weljet Oy","description":"Koneellinen puunkorjuu vuosien tuomalla taidolla ja kokemuksella","publisher":{"@id":"https:\/\/metsa-weljet.fi\/#organization"},"potentialAction":[{"@type":"SearchAction","target":{"@type":"EntryPoint","urlTemplate":"https:\/\/metsa-weljet.fi\/?s={search_term_string}"},"query-input":{"@type":"PropertyValueSpecification","valueRequired":true,"valueName":"search_term_string"}}],"inLanguage":"en-US"},{"@type":"Organization","@id":"https:\/\/metsa-weljet.fi\/#organization","name":"Mets\u00e4-Weljet Oy","url":"https:\/\/metsa-weljet.fi\/","logo":{"@type":"ImageObject","inLanguage":"en-US","@id":"https:\/\/metsa-weljet.fi\/#\/schema\/logo\/image\/","url":"https:\/\/metsa-weljet.fi\/wp-content\/uploads\/2016\/12\/logo-green.png","contentUrl":"https:\/\/metsa-weljet.fi\/wp-content\/uploads\/2016\/12\/logo-green.png","width":451,"height":50,"caption":"Mets\u00e4-Weljet Oy"},"image":{"@id":"https:\/\/metsa-weljet.fi\/#\/schema\/logo\/image\/"}}]}},"_links":{"self":[{"href":"https:\/\/metsa-weljet.fi\/en\/wp-json\/wp\/v2\/pages\/1103","targetHints":{"allow":["GET"]}}],"collection":[{"href":"https:\/\/metsa-weljet.fi\/en\/wp-json\/wp\/v2\/pages"}],"about":[{"href":"https:\/\/metsa-weljet.fi\/en\/wp-json\/wp\/v2\/types\/page"}],"author":[{"embeddable":true,"href":"https:\/\/metsa-weljet.fi\/en\/wp-json\/wp\/v2\/users\/3"}],"replies":[{"embeddable":true,"href":"https:\/\/metsa-weljet.fi\/en\/wp-json\/wp\/v2\/comments?post=1103"}],"version-history":[{"count":4,"href":"https:\/\/metsa-weljet.fi\/en\/wp-json\/wp\/v2\/pages\/1103\/revisions"}],"predecessor-version":[{"id":1192,"href":"https:\/\/metsa-weljet.fi\/en\/wp-json\/wp\/v2\/pages\/1103\/revisions\/1192"}],"wp:attachment":[{"href":"https:\/\/metsa-weljet.fi\/en\/wp-json\/wp\/v2\/media?parent=1103"}],"curies":[{"name":"wp","href":"https:\/\/api.w.org\/{rel}","templated":true}]}}